{"id":2655,"date":"2023-06-26T14:34:12","date_gmt":"2023-06-26T12:34:12","guid":{"rendered":"https:\/\/proheat.com.pl\/?page_id=2655"},"modified":"2023-06-26T14:55:12","modified_gmt":"2023-06-26T12:55:12","slug":"elementor-2655","status":"publish","type":"page","link":"https:\/\/proheat.com.pl\/?page_id=2655","title":{"rendered":"Polityka prywatno\u015bci"},"content":{"rendered":"\t\t<div data-elementor-type=\"wp-page\" data-elementor-id=\"2655\" class=\"elementor elementor-2655\">\n\t\t\t\t\t\t\t\t\t<section class=\"elementor-section elementor-top-section elementor-element elementor-element-500f3fc elementor-section-boxed elementor-section-height-default elementor-section-height-default\" data-id=\"500f3fc\" data-element_type=\"section\">\n\t\t\t\t\t\t<div class=\"elementor-container elementor-column-gap-default\">\n\t\t\t\t\t<div class=\"elementor-column elementor-col-100 elementor-top-column elementor-element elementor-element-c020bda\" data-id=\"c020bda\" data-element_type=\"column\">\n\t\t\t<div class=\"elementor-widget-wrap elementor-element-populated\">\n\t\t\t\t\t\t\t\t<div class=\"elementor-element elementor-element-270ae22 elementor-widget elementor-widget-text-editor\" data-id=\"270ae22\" data-element_type=\"widget\" data-widget_type=\"text-editor.default\">\n\t\t\t\t<div class=\"elementor-widget-container\">\n\t\t\t<style>\/*! elementor - v3.13.3 - 28-05-2023 *\/\n.elementor-widget-text-editor.elementor-drop-cap-view-stacked .elementor-drop-cap{background-color:#69727d;color:#fff}.elementor-widget-text-editor.elementor-drop-cap-view-framed .elementor-drop-cap{color:#69727d;border:3px solid;background-color:transparent}.elementor-widget-text-editor:not(.elementor-drop-cap-view-default) .elementor-drop-cap{margin-top:8px}.elementor-widget-text-editor:not(.elementor-drop-cap-view-default) .elementor-drop-cap-letter{width:1em;height:1em}.elementor-widget-text-editor .elementor-drop-cap{float:left;text-align:center;line-height:1;font-size:50px}.elementor-widget-text-editor .elementor-drop-cap-letter{display:inline-block}<\/style>\t\t\t\t<p><!-- wp:heading {\"level\":3} --><\/p>\n<h3 class=\"wp-block-heading\"><strong>POLITYKA PRYWATNO\u015aCI SERWISU\u00a0<\/strong>https:\/\/proheat.com.pl.<\/h3>\n<p><!-- \/wp:heading --> <!-- wp:paragraph --><\/p>\n<p><strong>I. Informacje og\u00f3lne.<\/strong><\/p>\n<p><!-- \/wp:paragraph --> <!-- wp:paragraph --><\/p>\n<p>1. Operatorem Serwisu <a href=\"https:\/\/proheat.com.pl.\">https:\/\/proheat.com.pl.<\/a> jest Proheat System Sp. z o.o. , mieszcz\u0105ce si\u0119 na al. Komisji Edukacji Narodowej 36\/112B 02-797 Warszawa<br \/>2. Serwis realizuje funkcje pozyskiwania informacji o u\u017cytkownikach i ich zachowaniu w nast\u0119puj\u0105cy<br \/>spos\u00f3b:<br \/>a. Poprzez dobrowolnie wprowadzone w formularzach informacje.<br \/>b. Poprzez zapisywanie w urz\u0105dzeniach ko\u0144cowych pliki cookie (tzw. \u201eciasteczka\u201d).<br \/>c. Poprzez gromadzenie log\u00f3w serwera www przez operatora hostingowego home.pl,<br \/>funkcjonuj\u0105cego pod adresem www.home.pl<\/p>\n<p><!-- \/wp:paragraph --> <!-- wp:paragraph --><\/p>\n<p><strong>II. Informacje w formularzach.<\/strong><\/p>\n<p><!-- \/wp:paragraph --> <!-- wp:paragraph --><\/p>\n<p>1. Serwis zbiera informacje podane dobrowolnie przez u\u017cytkownika.<br \/>2. Serwis mo\u017ce zapisa\u0107 ponadto informacje o parametrach po\u0142\u0105czenia (oznaczenie czasu, adres IP)<br \/>3. Dane w formularzu nie s\u0105 udost\u0119pniane podmiotom trzecim inaczej, ni\u017c za zgod\u0105 u\u017cytkownika.<br \/>4. Dane podane w formularzu mog\u0105 stanowi\u0107 zbi\u00f3r potencjalnych klient\u00f3w, zarejestrowany przez Operatora Serwisu w rejestrze prowadzonym przez Generalnego Inspektora Ochrony Danych Osobowych.<br \/>5. Dane podane w formularzu s\u0105 przetwarzane w celu wynikaj\u0105cym z funkcji formularza, np w celu<br \/>kontaktu handlowego.<\/p>\n<p><!-- \/wp:paragraph --> <!-- wp:paragraph --><\/p>\n<p><strong>III. Informacja o plikach cookies.<\/strong><\/p>\n<p><!-- \/wp:paragraph --> <!-- wp:paragraph --><\/p>\n<p>1. Serwis korzysta z plik\u00f3w cookies.<br \/>2. Pliki cookies (tzw. \u201eciasteczka\u201d) stanowi\u0105 dane informatyczne, w szczeg\u00f3lno\u015bci pliki tekstowe, kt\u00f3re przechowywane s\u0105 w urz\u0105dzeniu ko\u0144cowym U\u017cytkownika Serwisu i przeznaczone s\u0105 do korzystania ze stron internetowych Serwisu. Cookies zazwyczaj zawieraj\u0105 nazw\u0119 strony internetowej, z kt\u00f3rej pochodz\u0105, czas przechowywania ich na urz\u0105dzeniu ko\u0144cowym oraz unikalny numer.<br \/>3. Podmiotem zamieszczaj\u0105cym na urz\u0105dzeniu ko\u0144cowym U\u017cytkownika Serwisu pliki cookies oraz uzyskuj\u0105cym do nich dost\u0119p jest operator Serwisu.<br \/>4. Pliki cookies wykorzystywane s\u0105 w nast\u0119puj\u0105cych celach:<br \/>a. tworzenia statystyk, kt\u00f3re pomagaj\u0105 zrozumie\u0107, w jaki spos\u00f3b U\u017cytkownicy Serwisu korzystaj\u0105 ze stron internetowych, co umo\u017cliwia ulepszanie ich struktury i zawarto\u015bci;<br \/>b. okre\u015blania profilu u\u017cytkownika w celu wy\u015bwietlania mu dopasowanych materia\u0142\u00f3w w sieciach reklamowych, w szczeg\u00f3lno\u015bci sieci Google.<br \/>5. W ramach Serwisu stosowane s\u0105 dwa zasadnicze rodzaje plik\u00f3w cookies: \u201esesyjne\u201d (session cookies) oraz \u201esta\u0142e\u201d (persistent cookies). Cookies \u201esesyjne\u201d s\u0105 plikami tymczasowymi, kt\u00f3re przechowywane s\u0105 w urz\u0105dzeniu ko\u0144cowym U\u017cytkownika do czasu wylogowania, opuszczenia strony internetowej lub wy\u0142\u0105czenia oprogramowania (przegl\u0105darki internetowej). \u201eSta\u0142e\u201d pliki cookies przechowywane s\u0105 w urz\u0105dzeniu ko\u0144cowym U\u017cytkownika przez czas okre\u015blony w parametrach plik\u00f3w cookies lub do czasu ich usuni\u0119cia przez U\u017cytkownika.<br \/>6. Oprogramowanie do przegl\u0105dania stron internetowych (przegl\u0105darka internetowa) zazwyczaj domy\u015blnie dopuszcza przechowywanie plik\u00f3w cookies w urz\u0105dzeniu ko\u0144cowym U\u017cytkownika. U\u017cytkownicy Serwisu mog\u0105 dokona\u0107 zmiany ustawie\u0144 w tym zakresie. Przegl\u0105darka internetowa umo\u017cliwia usuni\u0119cie plik\u00f3w cookies. Mo\u017cliwe jest tak\u017ce automatyczne blokowanie plik\u00f3w cookies Szczeg\u00f3\u0142owe informacje na ten temat zawiera pomoc lub dokumentacja przegl\u0105darki internetowej.<br \/>7. Ograniczenia stosowania plik\u00f3w cookies mog\u0105 wp\u0142yn\u0105\u0107 na niekt\u00f3re funkcjonalno\u015bci dost\u0119pne na stronach internetowych Serwisu.<br \/>8. Pliki cookies zamieszczane w urz\u0105dzeniu ko\u0144cowym U\u017cytkownika Serwisu i wykorzystywane mog\u0105 by\u0107 r\u00f3wnie\u017c przez wsp\u00f3\u0142pracuj\u0105cych z operatorem Serwisu reklamodawc\u00f3w oraz partner\u00f3w.<br \/>9. Zalecamy przeczytanie polityki ochrony prywatno\u015bci tych firm, aby pozna\u0107 zasady korzystania z plik\u00f3w cookie wykorzystywane w statystykach: Polityka ochrony prywatno\u015bci Google Analytics<br \/>10. Pliki cookie mog\u0105 by\u0107 wykorzystane przez sieci reklamowe, w szczeg\u00f3lno\u015bci sie\u0107 Google, do wy\u015bwietlenia reklam dopasowanych do sposobu, w jaki u\u017cytkownik korzysta z Serwisu. W tym celu mog\u0105 zachowa\u0107 informacj\u0119 o \u015bcie\u017cce nawigacji u\u017cytkownika lub czasie pozostawania na danej stronie.<br \/>11. W zakresie informacji o preferencjach u\u017cytkownika gromadzonych przez sie\u0107 reklamow\u0105 Google u\u017cytkownik mo\u017ce przegl\u0105da\u0107 i edytowa\u0107 informacje wynikaj\u0105ce z plik\u00f3w cookies przy pomocy narz\u0119dzia: https:\/\/www.google.com\/ads\/preferences\/<\/p>\n<p><!-- \/wp:paragraph --> <!-- wp:paragraph --><\/p>\n<p><strong>IV. Logi serwera.<\/strong><\/p>\n<p><!-- \/wp:paragraph --> <!-- wp:paragraph --><\/p>\n<p>1. Informacje o niekt\u00f3rych zachowaniach u\u017cytkownik\u00f3w podlegaj\u0105 logowaniu w warstwie serwerowej. Dane te s\u0105 wykorzystywane wy\u0142\u0105cznie w celu administrowania serwisem oraz w celu zapewnienia jak najbardziej sprawnej obs\u0142ugi \u015bwiadczonych us\u0142ug hostingowych.<\/p>\n<p><!-- \/wp:paragraph --> <!-- wp:paragraph --><\/p>\n<p>2. Przegl\u0105dane zasoby identyfikowane s\u0105 poprzez adresy URL. Ponadto zapisowi mog\u0105 podlega\u0107:<\/p>\n<p><!-- \/wp:paragraph --> <!-- wp:paragraph --><\/p>\n<p>a. czas nadej\u015bcia zapytania,<br \/>b. czas wys\u0142ania odpowiedzi,<br \/>c. nazw\u0119 stacji klienta \u2013 identyfikacja realizowana przez protok\u00f3\u0142 HTTPS,<br \/>d. informacje o b\u0142\u0119dach jakie nast\u0105pi\u0142y przy realizacji transakcji HTTPS,<br \/>e. adres URL strony poprzednio odwiedzanej przez u\u017cytkownika (referer link) \u2013 w przypadku gdy<br \/>przej\u015bcie do Serwisu nast\u0105pi\u0142o przez odno\u015bnik,<br \/>f. informacje o przegl\u0105darce u\u017cytkownika,<br \/>g. Informacje o adresie IP.3. Dane powy\u017csze nie s\u0105 kojarzone z konkretnymi osobami przegl\u0105daj\u0105cymi strony.4. Dane powy\u017csze s\u0105 wykorzystywane jedynie dla cel\u00f3w administrowania serwerem.<\/p>\n<p><!-- \/wp:paragraph --> <!-- wp:paragraph --><\/p>\n<p><strong>V. Udost\u0119pnienie danych.<\/strong><\/p>\n<p><!-- \/wp:paragraph --> <!-- wp:paragraph --><\/p>\n<p>1. Dane podlegaj\u0105 udost\u0119pnieniu podmiotom zewn\u0119trznym wy\u0142\u0105cznie w granicach prawnie dozwolonych.<br \/>2. Dane umo\u017cliwiaj\u0105ce identyfikacj\u0119 osoby fizycznej s\u0105 udost\u0119pniane wy\u0142\u0105czenie za zgod\u0105 tej osoby.<br \/>3. Operator mo\u017ce mie\u0107 obowi\u0105zek udzielania informacji zebranych przez Serwis upowa\u017cnionym organom na podstawie zgodnych z prawem \u017c\u0105da\u0144 w zakresie wynikaj\u0105cym z \u017c\u0105dania.<\/p>\n<p><!-- \/wp:paragraph --><\/p>\t\t\t\t\t\t<\/div>\n\t\t\t\t<\/div>\n\t\t\t\t\t<\/div>\n\t\t<\/div>\n\t\t\t\t\t\t\t<\/div>\n\t\t<\/section>\n\t\t\t\t\t\t\t<\/div>\n\t\t","protected":false},"excerpt":{"rendered":"<p>POLITYKA PRYWATNO\u015aCI SERWISU\u00a0https:\/\/proheat.com.pl. I. Informacje og\u00f3lne. 1. Operatorem Serwisu https:\/\/proheat.com.pl. jest Proheat System Sp. z o.o. , mieszcz\u0105ce si\u0119 na al. Komisji Edukacji Narodowej 36\/112B 02-797 Warszawa2. Serwis realizuje funkcje pozyskiwania informacji o u\u017cytkownikach i ich zachowaniu w nast\u0119puj\u0105cyspos\u00f3b:a. Poprzez dobrowolnie wprowadzone w formularzach informacje.b. Poprzez zapisywanie w urz\u0105dzeniach ko\u0144cowych pliki cookie (tzw. \u201eciasteczka\u201d).c. Poprzez&#8230;<\/p>\n","protected":false},"author":1,"featured_media":0,"parent":0,"menu_order":0,"comment_status":"closed","ping_status":"closed","template":"","meta":{"_kad_post_transparent":"","_kad_post_title":"hide","_kad_post_layout":"fullwidth","_kad_post_sidebar_id":"","_kad_post_content_style":"unboxed","_kad_post_vertical_padding":"hide","_kad_post_feature":"hide","_kad_post_feature_position":"","_kad_post_header":false,"_kad_post_footer":false,"footnotes":""},"class_list":["post-2655","page","type-page","status-publish","hentry"],"_links":{"self":[{"href":"https:\/\/proheat.com.pl\/index.php?rest_route=\/wp\/v2\/pages\/2655","targetHints":{"allow":["GET"]}}],"collection":[{"href":"https:\/\/proheat.com.pl\/index.php?rest_route=\/wp\/v2\/pages"}],"about":[{"href":"https:\/\/proheat.com.pl\/index.php?rest_route=\/wp\/v2\/types\/page"}],"author":[{"embeddable":true,"href":"https:\/\/proheat.com.pl\/index.php?rest_route=\/wp\/v2\/users\/1"}],"replies":[{"embeddable":true,"href":"https:\/\/proheat.com.pl\/index.php?rest_route=%2Fwp%2Fv2%2Fcomments&post=2655"}],"version-history":[{"count":8,"href":"https:\/\/proheat.com.pl\/index.php?rest_route=\/wp\/v2\/pages\/2655\/revisions"}],"predecessor-version":[{"id":2664,"href":"https:\/\/proheat.com.pl\/index.php?rest_route=\/wp\/v2\/pages\/2655\/revisions\/2664"}],"wp:attachment":[{"href":"https:\/\/proheat.com.pl\/index.php?rest_route=%2Fwp%2Fv2%2Fmedia&parent=2655"}],"curies":[{"name":"wp","href":"https:\/\/api.w.org\/{rel}","templated":true}]}}